{"id":21,"date":"2025-06-10T08:55:38","date_gmt":"2025-06-10T06:55:38","guid":{"rendered":"https:\/\/zsiboracs.hu\/?page_id=21"},"modified":"2025-06-13T17:33:21","modified_gmt":"2025-06-13T15:33:21","slug":"mozgasterapia","status":"publish","type":"page","link":"https:\/\/zsiboracs.hu\/en\/mozgasterapia\/","title":{"rendered":"Movement therapy"},"content":{"rendered":"<div data-elementor-type=\"wp-page\" data-elementor-id=\"21\" class=\"elementor elementor-21\" data-elementor-post-type=\"page\">\n\t\t\t\t<div class=\"elementor-element elementor-element-0a64978 e-flex e-con-boxed e-con e-parent\" data-id=\"0a64978\" data-element_type=\"container\" data-settings=\"{&quot;background_background&quot;:&quot;classic&quot;}\">\n\t\t\t\t\t<div class=\"e-con-inner\">\n\t\t<div class=\"elementor-element elementor-element-fb062d4 e-con-full e-flex e-con e-child\" data-id=\"fb062d4\" data-element_type=\"container\" data-settings=\"{&quot;background_background&quot;:&quot;classic&quot;}\">\n\t\t\t\t<div class=\"elementor-element elementor-element-a15fddb elementor-widget elementor-widget-heading\" data-id=\"a15fddb\" data-element_type=\"widget\" data-widget_type=\"heading.default\">\n\t\t\t\t\t<h2 class=\"elementor-heading-title elementor-size-default\">MOVEMENT THERAPY<\/h2>\t\t\t\t<\/div>\n\t\t\t\t<\/div>\n\t\t\t\t\t<\/div>\n\t\t\t\t<\/div>\n\t\t<div class=\"elementor-element elementor-element-d286af3 elementor-hidden-tablet elementor-hidden-mobile e-flex e-con-boxed e-con e-parent\" data-id=\"d286af3\" data-element_type=\"container\">\n\t\t\t\t\t<div class=\"e-con-inner\">\n\t\t\t\t<div class=\"elementor-element elementor-element-0272217 elementor-widget elementor-widget-heading\" data-id=\"0272217\" data-element_type=\"widget\" data-widget_type=\"heading.default\">\n\t\t\t\t\t<h2 class=\"elementor-heading-title elementor-size-default\">The first step is the assessment.<\/h2>\t\t\t\t<\/div>\n\t\t\t\t<div class=\"elementor-element elementor-element-af0c498 elementor-widget-divider--view-line elementor-widget elementor-widget-divider\" data-id=\"af0c498\" data-element_type=\"widget\" data-widget_type=\"divider.default\">\n\t\t\t\t\t\t\t<div class=\"elementor-divider\">\n\t\t\t<span class=\"elementor-divider-separator\">\n\t\t\t\t\t\t<\/span>\n\t\t<\/div>\n\t\t\t\t\t\t<\/div>\n\t\t\t\t<div class=\"elementor-element elementor-element-7f93dd4 elementor-widget__width-initial elementor-widget elementor-widget-text-editor\" data-id=\"7f93dd4\" data-element_type=\"widget\" data-widget_type=\"text-editor.default\">\n\t\t\t\t\t\t\t\t\t<h6><strong>Movement therapy with manual treatment is a complex approach that helps restore the body\u2019s natural balance, reduces pain, improves range of motion, and supports regeneration. But in order to provide truly targeted support, the first step is always a thorough assessment.<\/strong><\/h6><p>This is not just a quick glance or a few questions: during the assessment, we thoroughly examine the affected areas, movement patterns, muscle activation, and, if available, interpret any existing diagnosis. All of this allows us to create a truly personalized treatment plan \u2014 one that not only addresses the symptoms but also uncovers their underlying causes.<br \/>A c\u00e9l: hogy a gy\u00f3gyul\u00e1s m\u00e1r az els\u0151 alkalommal elinduljon, biztons\u00e1gosan, hat\u00e9konyan \u00e9s az adott probl\u00e9m\u00e1ra szabva.<\/p>\t\t\t\t\t\t\t\t<\/div>\n\t\t\t\t\t<\/div>\n\t\t\t\t<\/div>\n\t\t<div class=\"elementor-element elementor-element-d2505ff elementor-hidden-desktop e-flex e-con-boxed e-con e-parent\" data-id=\"d2505ff\" data-element_type=\"container\" data-settings=\"{&quot;background_background&quot;:&quot;classic&quot;}\">\n\t\t\t\t\t<div class=\"e-con-inner\">\n\t\t<div class=\"elementor-element elementor-element-cc2988c e-con-full e-flex e-con e-child\" data-id=\"cc2988c\" data-element_type=\"container\" data-settings=\"{&quot;background_background&quot;:&quot;classic&quot;}\">\n\t\t\t\t<div class=\"elementor-element elementor-element-e8c6376 animated-fast elementor-invisible elementor-widget elementor-widget-heading\" data-id=\"e8c6376\" data-element_type=\"widget\" data-settings=\"{&quot;_animation&quot;:&quot;zoomIn&quot;,&quot;_animation_mobile&quot;:&quot;zoomIn&quot;}\" data-widget_type=\"heading.default\">\n\t\t\t\t\t<h2 class=\"elementor-heading-title elementor-size-default\">The first step is the assessment.<\/h2>\t\t\t\t<\/div>\n\t\t\t\t<\/div>\n\t\t\t\t\t<\/div>\n\t\t\t\t<\/div>\n\t\t<div class=\"elementor-element elementor-element-cabc03d elementor-hidden-desktop e-flex e-con-boxed e-con e-parent\" data-id=\"cabc03d\" data-element_type=\"container\">\n\t\t\t\t\t<div class=\"e-con-inner\">\n\t\t\t\t<div class=\"elementor-element elementor-element-b2226d3 elementor-widget__width-initial elementor-widget elementor-widget-text-editor\" data-id=\"b2226d3\" data-element_type=\"widget\" data-widget_type=\"text-editor.default\">\n\t\t\t\t\t\t\t\t\t<h6><strong>Movement therapy with manual treatment is a complex approach that helps restore the body\u2019s natural balance, reduces pain, improves range of motion, and supports regeneration. But in order to provide truly targeted support, the first step is always a thorough assessment.<\/strong><\/h6><p>This is not just a quick glance or a few questions: during the assessment, we thoroughly examine the affected areas, movement patterns, muscle activation, and, if available, interpret any existing diagnosis. All of this allows us to create a truly personalized treatment plan \u2014 one that not only addresses the symptoms but also uncovers their underlying causes.<br \/>A c\u00e9l: hogy a gy\u00f3gyul\u00e1s m\u00e1r az els\u0151 alkalommal elinduljon, biztons\u00e1gosan, hat\u00e9konyan \u00e9s az adott probl\u00e9m\u00e1ra szabva.<\/p>\t\t\t\t\t\t\t\t<\/div>\n\t\t\t\t\t<\/div>\n\t\t\t\t<\/div>\n\t\t<div class=\"elementor-element elementor-element-82b4176 e-con-full e-flex e-con e-parent\" data-id=\"82b4176\" data-element_type=\"container\">\n\t\t\t\t<div class=\"elementor-element elementor-element-d9826e5 elementor-widget elementor-widget-heading\" data-id=\"d9826e5\" data-element_type=\"widget\" data-widget_type=\"heading.default\">\n\t\t\t\t\t<h2 class=\"elementor-heading-title elementor-size-default\">Applied techniques<\/h2>\t\t\t\t<\/div>\n\t\t\t\t<div class=\"elementor-element elementor-element-5a3aaa2 elementor-widget-divider--view-line elementor-widget elementor-widget-divider\" data-id=\"5a3aaa2\" data-element_type=\"widget\" data-widget_type=\"divider.default\">\n\t\t\t\t\t\t\t<div class=\"elementor-divider\">\n\t\t\t<span class=\"elementor-divider-separator\">\n\t\t\t\t\t\t<\/span>\n\t\t<\/div>\n\t\t\t\t\t\t<\/div>\n\t\t\t\t<div class=\"elementor-element elementor-element-9e321e1 elementor-widget elementor-widget-spacer\" data-id=\"9e321e1\" data-element_type=\"widget\" data-widget_type=\"spacer.default\">\n\t\t\t\t\t\t\t<div class=\"elementor-spacer\">\n\t\t\t<div class=\"elementor-spacer-inner\"><\/div>\n\t\t<\/div>\n\t\t\t\t\t\t<\/div>\n\t\t<div class=\"elementor-element elementor-element-ab5e6a9 e-con-full e-flex e-con e-child\" data-id=\"ab5e6a9\" data-element_type=\"container\">\n\t\t<div class=\"elementor-element elementor-element-752857f e-con-full e-flex e-con e-child\" data-id=\"752857f\" data-element_type=\"container\" data-settings=\"{&quot;background_background&quot;:&quot;classic&quot;}\">\n\t\t\t\t<div class=\"elementor-element elementor-element-843b823 elementor-widget elementor-widget-image\" data-id=\"843b823\" data-element_type=\"widget\" data-widget_type=\"image.default\">\n\t\t\t\t\t\t\t\t\t\t\t\t\t\t\t<img alt=\"\" fetchpriority=\"high\" decoding=\"async\" width=\"802\" height=\"241\" src=\"https:\/\/zsiboracs.hu\/wp-content\/uploads\/2025\/06\/close-up-patient-getting-massage-1-2.png\" class=\"attachment-large size-large wp-image-738\" srcset=\"https:\/\/zsiboracs.hu\/wp-content\/uploads\/2025\/06\/close-up-patient-getting-massage-1-2.png 802w, https:\/\/zsiboracs.hu\/wp-content\/uploads\/2025\/06\/close-up-patient-getting-massage-1-2-300x90.png 300w, https:\/\/zsiboracs.hu\/wp-content\/uploads\/2025\/06\/close-up-patient-getting-massage-1-2-768x231.png 768w\" sizes=\"(max-width: 802px) 100vw, 802px\" \/>\t\t\t\t\t\t\t\t\t\t\t\t\t\t\t<\/div>\n\t\t\t\t<div class=\"elementor-element elementor-element-53cccea elementor-widget elementor-widget-heading\" data-id=\"53cccea\" data-element_type=\"widget\" data-widget_type=\"heading.default\">\n\t\t\t\t\t<h2 class=\"elementor-heading-title elementor-size-default\">Manual therapy<\/h2>\t\t\t\t<\/div>\n\t\t\t\t<div class=\"elementor-element elementor-element-fe0fe89 elementor-widget__width-initial elementor-widget elementor-widget-text-editor\" data-id=\"fe0fe89\" data-element_type=\"widget\" data-widget_type=\"text-editor.default\">\n\t\t\t\t\t\t\t\t\t<h6>Manual therapy is a hands-on technique that helps identify and treat the root causes of musculoskeletal complaints. During the treatment, we use mobilization, and soft tissue techniques to support the regeneration of joints and tissues. The goal is to reduce pain, increase range of motion, and restore muscle balance. According to feedback from our patients, significant improvement can often be felt after just a few sessions.<\/h6>\t\t\t\t\t\t\t\t<\/div>\n\t\t\t\t<\/div>\n\t\t<div class=\"elementor-element elementor-element-524cdf3 e-con-full e-flex e-con e-child\" data-id=\"524cdf3\" data-element_type=\"container\" data-settings=\"{&quot;background_background&quot;:&quot;classic&quot;}\">\n\t\t\t\t<div class=\"elementor-element elementor-element-1dc46dc elementor-widget elementor-widget-image\" data-id=\"1dc46dc\" data-element_type=\"widget\" data-widget_type=\"image.default\">\n\t\t\t\t\t\t\t\t\t\t\t\t\t\t\t<img alt=\"\" decoding=\"async\" width=\"802\" height=\"242\" src=\"https:\/\/zsiboracs.hu\/wp-content\/uploads\/2025\/06\/female-personal-trainer-client-high-view-1-2.png\" class=\"attachment-large size-large wp-image-793\" srcset=\"https:\/\/zsiboracs.hu\/wp-content\/uploads\/2025\/06\/female-personal-trainer-client-high-view-1-2.png 802w, https:\/\/zsiboracs.hu\/wp-content\/uploads\/2025\/06\/female-personal-trainer-client-high-view-1-2-300x91.png 300w, https:\/\/zsiboracs.hu\/wp-content\/uploads\/2025\/06\/female-personal-trainer-client-high-view-1-2-768x232.png 768w\" sizes=\"(max-width: 802px) 100vw, 802px\" \/>\t\t\t\t\t\t\t\t\t\t\t\t\t\t\t<\/div>\n\t\t\t\t<div class=\"elementor-element elementor-element-fa6502f elementor-widget elementor-widget-heading\" data-id=\"fa6502f\" data-element_type=\"widget\" data-widget_type=\"heading.default\">\n\t\t\t\t\t<h2 class=\"elementor-heading-title elementor-size-default\">Physiotherapy<\/h2>\t\t\t\t<\/div>\n\t\t\t\t<div class=\"elementor-element elementor-element-30d8994 elementor-widget__width-initial elementor-widget elementor-widget-text-editor\" data-id=\"30d8994\" data-element_type=\"widget\" data-widget_type=\"text-editor.default\">\n\t\t\t\t\t\t\t\t\t<h6>Healing through movement \u2014 that\u2019s the essence of physiotherapy. Targeted, personalized exercise routines not only relieve pain but also help restore the joy of movement and return to an active daily life. The exercises are built up gradually, tailored to the current condition, and support the body\u2019s natural regeneration. Whether you need support after an accident or surgery, or are dealing with chronic complaints, physiotherapy is a powerful tool on the path toward long-term improvement.<\/h6>\t\t\t\t\t\t\t\t<\/div>\n\t\t\t\t<\/div>\n\t\t<div class=\"elementor-element elementor-element-bca34fd e-con-full e-flex e-con e-child\" data-id=\"bca34fd\" data-element_type=\"container\" data-settings=\"{&quot;background_background&quot;:&quot;classic&quot;}\">\n\t\t\t\t<div class=\"elementor-element elementor-element-fa9e1ea elementor-widget elementor-widget-image\" data-id=\"fa9e1ea\" data-element_type=\"widget\" data-widget_type=\"image.default\">\n\t\t\t\t\t\t\t\t\t\t\t\t\t\t\t<img alt=\"\" decoding=\"async\" width=\"802\" height=\"241\" src=\"https:\/\/zsiboracs.hu\/wp-content\/uploads\/2025\/06\/hands-massaging-female-abdomen-therapist-applying-pressure-belly-1-2.png\" class=\"attachment-large size-large wp-image-794\" srcset=\"https:\/\/zsiboracs.hu\/wp-content\/uploads\/2025\/06\/hands-massaging-female-abdomen-therapist-applying-pressure-belly-1-2.png 802w, https:\/\/zsiboracs.hu\/wp-content\/uploads\/2025\/06\/hands-massaging-female-abdomen-therapist-applying-pressure-belly-1-2-300x90.png 300w, https:\/\/zsiboracs.hu\/wp-content\/uploads\/2025\/06\/hands-massaging-female-abdomen-therapist-applying-pressure-belly-1-2-768x231.png 768w\" sizes=\"(max-width: 802px) 100vw, 802px\" \/>\t\t\t\t\t\t\t\t\t\t\t\t\t\t\t<\/div>\n\t\t\t\t<div class=\"elementor-element elementor-element-301dede elementor-widget elementor-widget-heading\" data-id=\"301dede\" data-element_type=\"widget\" data-widget_type=\"heading.default\">\n\t\t\t\t\t<h2 class=\"elementor-heading-title elementor-size-default\">Visceral therapy<\/h2>\t\t\t\t<\/div>\n\t\t\t\t<div class=\"elementor-element elementor-element-8797399 elementor-widget__width-initial elementor-widget elementor-widget-text-editor\" data-id=\"8797399\" data-element_type=\"widget\" data-widget_type=\"text-editor.default\">\n\t\t\t\t\t\t\t\t\t<h6>Visceral therapy focuses on restoring the natural mobility of the internal organs. When an organ cannot move freely, it can cause not only local issues but also musculoskeletal problems. During the treatment, gentle manual techniques are used to help reestablish harmony between the organs and the surrounding tissues. It can be an effective method for back pain, abdominal discomfort, sleep disturbances, or hormonal imbalances.<\/h6>\t\t\t\t\t\t\t\t<\/div>\n\t\t\t\t<\/div>\n\t\t\t\t<\/div>\n\t\t<div class=\"elementor-element elementor-element-7870e6e e-con-full e-flex e-con e-child\" data-id=\"7870e6e\" data-element_type=\"container\">\n\t\t<div class=\"elementor-element elementor-element-4e2b5c7 e-con-full e-flex e-con e-child\" data-id=\"4e2b5c7\" data-element_type=\"container\" data-settings=\"{&quot;background_background&quot;:&quot;classic&quot;}\">\n\t\t\t\t<div class=\"elementor-element elementor-element-65546d5 elementor-widget elementor-widget-image\" data-id=\"65546d5\" data-element_type=\"widget\" data-widget_type=\"image.default\">\n\t\t\t\t\t\t\t\t\t\t\t\t\t\t\t<img alt=\"\" loading=\"lazy\" decoding=\"async\" width=\"802\" height=\"241\" src=\"https:\/\/zsiboracs.hu\/wp-content\/uploads\/2025\/06\/physiotherapist-helping-young-female-patient-1-1-2.png\" class=\"attachment-large size-large wp-image-801\" srcset=\"https:\/\/zsiboracs.hu\/wp-content\/uploads\/2025\/06\/physiotherapist-helping-young-female-patient-1-1-2.png 802w, https:\/\/zsiboracs.hu\/wp-content\/uploads\/2025\/06\/physiotherapist-helping-young-female-patient-1-1-2-300x90.png 300w, https:\/\/zsiboracs.hu\/wp-content\/uploads\/2025\/06\/physiotherapist-helping-young-female-patient-1-1-2-768x231.png 768w\" sizes=\"(max-width: 802px) 100vw, 802px\" \/>\t\t\t\t\t\t\t\t\t\t\t\t\t\t\t<\/div>\n\t\t\t\t<div class=\"elementor-element elementor-element-5dc88e8 elementor-widget elementor-widget-heading\" data-id=\"5dc88e8\" data-element_type=\"widget\" data-widget_type=\"heading.default\">\n\t\t\t\t\t<h2 class=\"elementor-heading-title elementor-size-default\">CMD therapy<\/h2>\t\t\t\t<\/div>\n\t\t\t\t<div class=\"elementor-element elementor-element-d3bc62d elementor-widget__width-initial elementor-widget elementor-widget-text-editor\" data-id=\"d3bc62d\" data-element_type=\"widget\" data-widget_type=\"text-editor.default\">\n\t\t\t\t\t\t\t\t\t<h6>CMD therapy focuses on examining and treating the function of the temporomandibular joint (TMJ) and the surrounding muscles. In cases of headaches, tinnitus, jaw locking, or pain while chewing, this joint is often the underlying cause. Treatment involves manual techniques to release tension and the creation of a personalized exercise plan to restore stability. Since the jaw can affect other areas of the body, we often work with a holistic approach.<\/h6>\t\t\t\t\t\t\t\t<\/div>\n\t\t\t\t<\/div>\n\t\t<div class=\"elementor-element elementor-element-394064f e-con-full e-flex e-con e-child\" data-id=\"394064f\" data-element_type=\"container\" data-settings=\"{&quot;background_background&quot;:&quot;classic&quot;}\">\n\t\t\t\t<div class=\"elementor-element elementor-element-da774c0 elementor-widget elementor-widget-image\" data-id=\"da774c0\" data-element_type=\"widget\" data-widget_type=\"image.default\">\n\t\t\t\t\t\t\t\t\t\t\t\t\t\t\t<img alt=\"\" loading=\"lazy\" decoding=\"async\" width=\"802\" height=\"241\" src=\"https:\/\/zsiboracs.hu\/wp-content\/uploads\/2025\/06\/woman-working-out-after-online-fitness-instructor-1-2.png\" class=\"attachment-large size-large wp-image-802\" srcset=\"https:\/\/zsiboracs.hu\/wp-content\/uploads\/2025\/06\/woman-working-out-after-online-fitness-instructor-1-2.png 802w, https:\/\/zsiboracs.hu\/wp-content\/uploads\/2025\/06\/woman-working-out-after-online-fitness-instructor-1-2-300x90.png 300w, https:\/\/zsiboracs.hu\/wp-content\/uploads\/2025\/06\/woman-working-out-after-online-fitness-instructor-1-2-768x231.png 768w\" sizes=\"(max-width: 802px) 100vw, 802px\" \/>\t\t\t\t\t\t\t\t\t\t\t\t\t\t\t<\/div>\n\t\t\t\t<div class=\"elementor-element elementor-element-4385491 elementor-widget elementor-widget-heading\" data-id=\"4385491\" data-element_type=\"widget\" data-widget_type=\"heading.default\">\n\t\t\t\t\t<h2 class=\"elementor-heading-title elementor-size-default\">Home exercises<\/h2>\t\t\t\t<\/div>\n\t\t\t\t<div class=\"elementor-element elementor-element-dd2ffa8 elementor-widget__width-initial elementor-widget elementor-widget-text-editor\" data-id=\"dd2ffa8\" data-element_type=\"widget\" data-widget_type=\"text-editor.default\">\n\t\t\t\t\t\t\t\t\t<h6>The effectiveness of treatment increases significantly when the patient actively participates in the healing process at home. We provide personalized, easy-to-perform exercises that support the therapeutic process. These tasks help strengthen the treated areas, maintain the results achieved, and reduce the risk of relapse. For the best outcomes, consistent home practice is essential.<\/h6>\t\t\t\t\t\t\t\t<\/div>\n\t\t\t\t<\/div>\n\t\t<div class=\"elementor-element elementor-element-706158c e-con-full e-flex e-con e-child\" data-id=\"706158c\" data-element_type=\"container\" data-settings=\"{&quot;background_background&quot;:&quot;classic&quot;}\">\n\t\t\t\t<div class=\"elementor-element elementor-element-720de0e elementor-widget elementor-widget-image\" data-id=\"720de0e\" data-element_type=\"widget\" data-widget_type=\"image.default\">\n\t\t\t\t\t\t\t\t\t\t\t\t\t\t\t<img alt=\"\" loading=\"lazy\" decoding=\"async\" width=\"802\" height=\"241\" src=\"https:\/\/zsiboracs.hu\/wp-content\/uploads\/2025\/06\/high-angle-woman-practicing-facial-yoga-1-2.png\" class=\"attachment-large size-large wp-image-803\" srcset=\"https:\/\/zsiboracs.hu\/wp-content\/uploads\/2025\/06\/high-angle-woman-practicing-facial-yoga-1-2.png 802w, https:\/\/zsiboracs.hu\/wp-content\/uploads\/2025\/06\/high-angle-woman-practicing-facial-yoga-1-2-300x90.png 300w, https:\/\/zsiboracs.hu\/wp-content\/uploads\/2025\/06\/high-angle-woman-practicing-facial-yoga-1-2-768x231.png 768w\" sizes=\"(max-width: 802px) 100vw, 802px\" \/>\t\t\t\t\t\t\t\t\t\t\t\t\t\t\t<\/div>\n\t\t\t\t<div class=\"elementor-element elementor-element-0226ff1 elementor-widget elementor-widget-heading\" data-id=\"0226ff1\" data-element_type=\"widget\" data-widget_type=\"heading.default\">\n\t\t\t\t\t<h2 class=\"elementor-heading-title elementor-size-default\">FRMT<\/h2>\t\t\t\t<\/div>\n\t\t\t\t<div class=\"elementor-element elementor-element-04fadf0 elementor-widget__width-initial elementor-widget elementor-widget-text-editor\" data-id=\"04fadf0\" data-element_type=\"widget\" data-widget_type=\"text-editor.default\">\n\t\t\t\t\t\t\t\t\t<h6>Early intervention is crucial in the treatment of unilateral facial paralysis. The therapy involves manual techniques that support the regeneration of facial muscles and stimulate nerve function. We teach specialized exercises to help restore facial innervation and symmetry. When necessary, the treatment is complemented with additional methods \u2014 such as cervical mobilization or visceral therapy \u2014 to address the underlying causes.<\/h6>\t\t\t\t\t\t\t\t<\/div>\n\t\t\t\t<\/div>\n\t\t\t\t<\/div>\n\t\t\t\t<div class=\"elementor-element elementor-element-92d7b0f elementor-widget elementor-widget-button\" data-id=\"92d7b0f\" data-element_type=\"widget\" data-widget_type=\"button.default\">\n\t\t\t\t\t\t\t\t\t\t<a class=\"elementor-button elementor-button-link elementor-size-sm\" href=\"https:\/\/zsiboracsdominika.salonic.hu\">\n\t\t\t\t\t\t<span class=\"elementor-button-content-wrapper\">\n\t\t\t\t\t\t\t\t\t<span class=\"elementor-button-text\">Appointment<\/span>\n\t\t\t\t\t<\/span>\n\t\t\t\t\t<\/a>\n\t\t\t\t\t\t\t\t<\/div>\n\t\t\t\t<\/div>\n\t\t<div class=\"elementor-element elementor-element-9485338 e-con-full e-flex e-con e-parent\" data-id=\"9485338\" data-element_type=\"container\" data-settings=\"{&quot;background_background&quot;:&quot;classic&quot;}\">\n\t\t<div class=\"elementor-element elementor-element-e3719d5 e-con-full e-flex e-con e-child\" data-id=\"e3719d5\" data-element_type=\"container\">\n\t\t\t\t<div class=\"elementor-element elementor-element-2ea09e0 elementor-hidden-tablet elementor-hidden-mobile elementor-widget elementor-widget-image\" data-id=\"2ea09e0\" data-element_type=\"widget\" data-widget_type=\"image.default\">\n\t\t\t\t\t\t\t\t\t\t\t\t\t\t\t<img alt=\"\" loading=\"lazy\" decoding=\"async\" width=\"900\" height=\"975\" src=\"https:\/\/zsiboracs.hu\/wp-content\/uploads\/2025\/06\/front-view-young-female-dark-jacket-pink-background-1-2-945x1024.png\" class=\"attachment-large size-large wp-image-844\" srcset=\"https:\/\/zsiboracs.hu\/wp-content\/uploads\/2025\/06\/front-view-young-female-dark-jacket-pink-background-1-2-945x1024.png 945w, https:\/\/zsiboracs.hu\/wp-content\/uploads\/2025\/06\/front-view-young-female-dark-jacket-pink-background-1-2-277x300.png 277w, https:\/\/zsiboracs.hu\/wp-content\/uploads\/2025\/06\/front-view-young-female-dark-jacket-pink-background-1-2-768x832.png 768w, https:\/\/zsiboracs.hu\/wp-content\/uploads\/2025\/06\/front-view-young-female-dark-jacket-pink-background-1-2.png 1060w\" sizes=\"(max-width: 900px) 100vw, 900px\" \/>\t\t\t\t\t\t\t\t\t\t\t\t\t\t\t<\/div>\n\t\t\t\t<\/div>\n\t\t<div class=\"elementor-element elementor-element-dc03a05 e-con-full e-flex e-con e-child\" data-id=\"dc03a05\" data-element_type=\"container\">\n\t\t\t\t<div class=\"elementor-element elementor-element-b5e20dd elementor-widget elementor-widget-heading\" data-id=\"b5e20dd\" data-element_type=\"widget\" data-widget_type=\"heading.default\">\n\t\t\t\t\t<h2 class=\"elementor-heading-title elementor-size-default\">S.O.S. APPOINTMENT<\/h2>\t\t\t\t<\/div>\n\t\t\t\t<div class=\"elementor-element elementor-element-88ac4e6 elementor-widget__width-initial elementor-widget elementor-widget-text-editor\" data-id=\"88ac4e6\" data-element_type=\"widget\" data-widget_type=\"text-editor.default\">\n\t\t\t\t\t\t\t\t\t<h6><strong>Immediate support when it truly matters.<\/strong><br \/>There are situations when pain can\u2019t wait. The S.O.S. Appointment offers the possibility of receiving care even outside regular hours in urgent cases \u2014 whether it's a sports injury, acute musculoskeletal pain, or sudden onset of symptoms.<\/h6><p><strong>Why is quick intervention important?<\/strong><br \/>With a fresh injury, immediate treatment can prevent your body from developing compensatory mechanisms that may hinder long-term recovery. Quick care not only reduces pain but can also shorten the rehabilitation process and help prevent further complications.<\/p><p><strong>How does the S.O.S. treatment work?<\/strong><\/p><ul><li>Immediate care: therapy begins as soon as possible.<strong><br \/><\/strong><\/li><li>Intensive therapy: with 2\u20133 sessions per week, we accelerate regeneration.<\/li><li>Comprehensive approach: a combination of manual therapy and targeted movement therapy.<\/li><\/ul><p><strong>When is it recommended?<\/strong><\/p><ul><li>Strain or sprain<\/li><li>Partial ligament injury<\/li><li>Acute musculoskeletal complaints<\/li><\/ul>\t\t\t\t\t\t\t\t<\/div>\n\t\t\t\t<div class=\"elementor-element elementor-element-721c5c7 elementor-mobile-align-center elementor-widget elementor-widget-button\" data-id=\"721c5c7\" data-element_type=\"widget\" data-widget_type=\"button.default\">\n\t\t\t\t\t\t\t\t\t\t<a class=\"elementor-button elementor-button-link elementor-size-sm\" href=\"tel:+36303370212\">\n\t\t\t\t\t\t<span class=\"elementor-button-content-wrapper\">\n\t\t\t\t\t\t\t\t\t<span class=\"elementor-button-text\">Call<\/span>\n\t\t\t\t\t<\/span>\n\t\t\t\t\t<\/a>\n\t\t\t\t\t\t\t\t<\/div>\n\t\t\t\t<div class=\"elementor-element elementor-element-4931a57 elementor-widget elementor-widget-spacer\" data-id=\"4931a57\" data-element_type=\"widget\" data-widget_type=\"spacer.default\">\n\t\t\t\t\t\t\t<div class=\"elementor-spacer\">\n\t\t\t<div class=\"elementor-spacer-inner\"><\/div>\n\t\t<\/div>\n\t\t\t\t\t\t<\/div>\n\t\t\t\t<\/div>\n\t\t\t\t<\/div>\n\t\t\t\t<\/div>","protected":false},"excerpt":{"rendered":"<p>MOZG\u00c1STER\u00c1PIA Els\u0151 l\u00e9p\u00e9s az \u00e1llapotfelm\u00e9r\u00e9s A mozg\u00e1ster\u00e1pia manu\u00e1lis kezel\u00e9ssel olyan komplex megk\u00f6zel\u00edt\u00e9s, amely seg\u00edt helyre\u00e1ll\u00edtani a test term\u00e9szetes egyens\u00faly\u00e1t, cs\u00f6kkenti a f\u00e1jdalmat, jav\u00edtja a mozg\u00e1startom\u00e1nyt \u00e9s t\u00e1mogatja a regener\u00e1ci\u00f3t. De ahhoz, hogy val\u00f3ban c\u00e9lzottan tudjunk seg\u00edteni, az els\u0151 l\u00e9p\u00e9s mindig az \u00e1llapotfelm\u00e9r\u00e9s. Ez nem csak egy gyors r\u00e1tekint\u00e9s vagy n\u00e9h\u00e1ny k\u00e9rd\u00e9s: ilyenkor r\u00e9szletesen felt\u00e9rk\u00e9pezz\u00fck az &#8230; <a title=\"Movement therapy\" class=\"read-more\" href=\"https:\/\/zsiboracs.hu\/en\/mozgasterapia\/\" aria-label=\"Read more about Mozg\u00e1ster\u00e1pia\">Read more<\/a><\/p>","protected":false},"author":1,"featured_media":0,"parent":0,"menu_order":0,"comment_status":"closed","ping_status":"closed","template":"elementor_header_footer","meta":{"_seopress_robots_primary_cat":"","_seopress_titles_title":"","_seopress_titles_desc":"","_seopress_robots_index":"","footnotes":""},"class_list":["post-21","page","type-page","status-publish"],"_links":{"self":[{"href":"https:\/\/zsiboracs.hu\/en\/wp-json\/wp\/v2\/pages\/21","targetHints":{"allow":["GET"]}}],"collection":[{"href":"https:\/\/zsiboracs.hu\/en\/wp-json\/wp\/v2\/pages"}],"about":[{"href":"https:\/\/zsiboracs.hu\/en\/wp-json\/wp\/v2\/types\/page"}],"author":[{"embeddable":true,"href":"https:\/\/zsiboracs.hu\/en\/wp-json\/wp\/v2\/users\/1"}],"replies":[{"embeddable":true,"href":"https:\/\/zsiboracs.hu\/en\/wp-json\/wp\/v2\/comments?post=21"}],"version-history":[{"count":248,"href":"https:\/\/zsiboracs.hu\/en\/wp-json\/wp\/v2\/pages\/21\/revisions"}],"predecessor-version":[{"id":1169,"href":"https:\/\/zsiboracs.hu\/en\/wp-json\/wp\/v2\/pages\/21\/revisions\/1169"}],"wp:attachment":[{"href":"https:\/\/zsiboracs.hu\/en\/wp-json\/wp\/v2\/media?parent=21"}],"curies":[{"name":"wp","href":"https:\/\/api.w.org\/{rel}","templated":true}]}}